{"id":1643,"date":"2025-01-22T13:45:05","date_gmt":"2025-01-22T12:45:05","guid":{"rendered":"https:\/\/www.sans-souci.be\/nl\/?page_id=1643"},"modified":"2025-01-22T14:26:48","modified_gmt":"2025-01-22T13:26:48","slug":"cognitieve-remediering","status":"publish","type":"page","link":"https:\/\/www.sans-souci.be\/nl\/cognitieve-remediering\/","title":{"rendered":"Cognitieve Remedi\u00ebring\ufffc"},"content":{"rendered":"\n<p>Sinds juni 2021 is er een project voor cognitieve remedi\u00ebring gestart binnen de Clinique Sans Souci.<\/p>\n\n\n\n<p><strong>Wat is het?<\/strong> Cognitieve remedi\u00ebring is een vorm van zorg die tot doel heeft de impact van cognitieve moeilijkheden op het dagelijks leven te verminderen, welke vooraf objectief zijn vastgesteld door een neuropsychologisch en ergotherapeutisch bilan. Door te werken aan deze cognitieve moeilijkheden, is ons doel het ondersteuningsproject van de pati\u00ebnt in termen van revalidatie en herintegratie in zijn leefomgeving.<\/p>\n\n\n\n<p><strong>Wat is het doel?<\/strong><\/p>\n\n\n\n<ul><li>Een functionele verbetering die generaliseerbaar is naar het dagelijks leven van de cognitieve moeilijkheden.<\/li><li>Een gepersonaliseerde en ecologische begeleiding.<\/li><li>Een verbetering van het zelfvertrouwen.<\/li><li>Actie op risicofactoren van stress, vallen en latere decompensaties.<\/li><\/ul>\n\n\n\n<p><strong>Voor wie is het bedoeld?<\/strong> Voor elke persoon die opgenomen is in de Clinique Sans Souci en die cognitieve en\/of sociale cognitieve stoornissen ervaart:<\/p>\n\n\n\n<ul><li>Geheugenstoornissen<\/li><li>Aandachtsproblemen<\/li><li>Moeilijkheden met organisatie en probleemoplossing<\/li><li>Moeilijkheden met het herkennen van de intenties van anderen en\/of emoties<\/li><\/ul>\n\n\n\n<p><strong>Hoe werkt het?<\/strong> Ons team bestaat uit neuropsychologen en ergotherapeuten. We bieden verschillende zorgaanbiedingen aan:<\/p>\n\n\n\n<ol type=\"1\"><li>Een programma van 3 maanden, met twee sessies per week (\u00e9\u00e9n met de neuropsycholoog, \u00e9\u00e9n met de ergotherapeut). Dit programma omvat, afhankelijk van de situatie:<ul><li>Psycho-educatieve sessies<\/li><li>Cognitieve remedi\u00ebring sessies die gericht zijn op het herstellen van de gebrekkige functie, of op het compenseren van de gebrekkige functie door het implementeren van externe hulpmiddelen.<\/li><li>Sociale vaardigheden trainingen.<\/li><li>Begeleidingssessies bij dagelijkse taken.<\/li><\/ul><\/li><li>Een wekelijkse themagroep van twee uur waarin we gezelschapsspellen gebruiken als middel om cognitieve functies te stimuleren.<\/li><\/ol>\n","protected":false},"excerpt":{"rendered":"<p>Sinds juni 2021 is er een project voor cognitieve remedi\u00ebring gestart binnen de Clinique Sans Souci. Wat is het? Cognitieve remedi\u00ebring is een vorm van zorg die tot doel heeft de impact van cognitieve moeilijkheden op het dagelijks leven te verminderen, welke vooraf objectief zijn vastgesteld door een neuropsychologisch en ergotherapeutisch bilan. Door te werken [&hellip;]<\/p>\n","protected":false},"author":1,"featured_media":1653,"parent":0,"menu_order":0,"comment_status":"closed","ping_status":"closed","template":"","meta":[],"_links":{"self":[{"href":"https:\/\/www.sans-souci.be\/nl\/wp-json\/wp\/v2\/pages\/1643"}],"collection":[{"href":"https:\/\/www.sans-souci.be\/nl\/wp-json\/wp\/v2\/pages"}],"about":[{"href":"https:\/\/www.sans-souci.be\/nl\/wp-json\/wp\/v2\/types\/page"}],"author":[{"embeddable":true,"href":"https:\/\/www.sans-souci.be\/nl\/wp-json\/wp\/v2\/users\/1"}],"replies":[{"embeddable":true,"href":"https:\/\/www.sans-souci.be\/nl\/wp-json\/wp\/v2\/comments?post=1643"}],"version-history":[{"count":1,"href":"https:\/\/www.sans-souci.be\/nl\/wp-json\/wp\/v2\/pages\/1643\/revisions"}],"predecessor-version":[{"id":1645,"href":"https:\/\/www.sans-souci.be\/nl\/wp-json\/wp\/v2\/pages\/1643\/revisions\/1645"}],"wp:featuredmedia":[{"embeddable":true,"href":"https:\/\/www.sans-souci.be\/nl\/wp-json\/wp\/v2\/media\/1653"}],"wp:attachment":[{"href":"https:\/\/www.sans-souci.be\/nl\/wp-json\/wp\/v2\/media?parent=1643"}],"curies":[{"name":"wp","href":"https:\/\/api.w.org\/{rel}","templated":true}]}}